{"id":851,"date":"2022-12-02T15:22:49","date_gmt":"2022-12-02T14:22:49","guid":{"rendered":"https:\/\/energie.retrocrea.fr\/?page_id=851"},"modified":"2023-05-29T15:57:26","modified_gmt":"2023-05-29T13:57:26","slug":"telechargement","status":"publish","type":"page","link":"https:\/\/energie.retrocrea.fr\/en\/telechargement\/","title":{"rendered":"Download"},"content":{"rendered":"<div data-elementor-type=\"wp-page\" data-elementor-id=\"851\" class=\"elementor elementor-851\">\n\t\t\t\t\t\t<section class=\"elementor-section elementor-top-section elementor-element elementor-element-399f5eb elementor-section-boxed elementor-section-height-default elementor-section-height-default\" data-id=\"399f5eb\" data-element_type=\"section\" data-e-type=\"section\" data-settings=\"{&quot;background_background&quot;:&quot;classic&quot;}\">\n\t\t\t\t\t\t\t<div class=\"elementor-background-overlay\"><\/div>\n\t\t\t\t\t\t\t<div class=\"elementor-container elementor-column-gap-default\">\n\t\t\t\t\t<div class=\"elementor-column elementor-col-100 elementor-top-column elementor-element elementor-element-79b5f55\" data-id=\"79b5f55\" data-element_type=\"column\" data-e-type=\"column\">\n\t\t\t<div class=\"elementor-widget-wrap elementor-element-populated\">\n\t\t\t\t\t\t<div class=\"elementor-element elementor-element-dadf44c elementor-widget elementor-widget-heading\" data-id=\"dadf44c\" data-element_type=\"widget\" data-e-type=\"widget\" data-widget_type=\"heading.default\">\n\t\t\t\t<div class=\"elementor-widget-container\">\n\t\t\t\t\t<h1 class=\"elementor-heading-title elementor-size-default\">Download<\/h1>\t\t\t\t<\/div>\n\t\t\t\t<\/div>\n\t\t\t\t\t<\/div>\n\t\t<\/div>\n\t\t\t\t\t<\/div>\n\t\t<\/section>\n\t\t\t\t<section class=\"elementor-section elementor-top-section elementor-element elementor-element-4b93910 elementor-section-boxed elementor-section-height-default elementor-section-height-default\" data-id=\"4b93910\" data-element_type=\"section\" data-e-type=\"section\">\n\t\t\t\t\t\t<div class=\"elementor-container elementor-column-gap-default\">\n\t\t\t\t\t<div class=\"elementor-column elementor-col-100 elementor-top-column elementor-element elementor-element-bd0e00c\" data-id=\"bd0e00c\" data-element_type=\"column\" data-e-type=\"column\">\n\t\t\t<div class=\"elementor-widget-wrap elementor-element-populated\">\n\t\t\t\t\t\t<section class=\"elementor-section elementor-inner-section elementor-element elementor-element-0d9e32e elementor-section-boxed elementor-section-height-default elementor-section-height-default\" data-id=\"0d9e32e\" data-element_type=\"section\" data-e-type=\"section\">\n\t\t\t\t\t\t<div class=\"elementor-container elementor-column-gap-default\">\n\t\t\t\t\t<div class=\"elementor-column elementor-col-100 elementor-inner-column elementor-element elementor-element-1e8548e\" data-id=\"1e8548e\" data-element_type=\"column\" data-e-type=\"column\" data-settings=\"{&quot;background_background&quot;:&quot;classic&quot;}\">\n\t\t\t<div class=\"elementor-widget-wrap elementor-element-populated\">\n\t\t\t\t\t\t<div class=\"elementor-element elementor-element-a20728a elementor-widget elementor-widget-image\" data-id=\"a20728a\" data-element_type=\"widget\" data-e-type=\"widget\" data-widget_type=\"image.default\">\n\t\t\t\t<div class=\"elementor-widget-container\">\n\t\t\t\t\t\t\t\t\t\t\t\t\t\t\t<img fetchpriority=\"high\" decoding=\"async\" width=\"208\" height=\"300\" src=\"https:\/\/energie.retrocrea.fr\/wp-content\/uploads\/2023\/02\/Plaquette-Energie-FR-2022-V3_PDG-SD-208x300.jpg\" class=\"attachment-medium size-medium wp-image-953\" alt=\"\" srcset=\"https:\/\/energie.retrocrea.fr\/wp-content\/uploads\/2023\/02\/Plaquette-Energie-FR-2022-V3_PDG-SD-208x300.jpg 208w, https:\/\/energie.retrocrea.fr\/wp-content\/uploads\/2023\/02\/Plaquette-Energie-FR-2022-V3_PDG-SD-8x12.jpg 8w, https:\/\/energie.retrocrea.fr\/wp-content\/uploads\/2023\/02\/Plaquette-Energie-FR-2022-V3_PDG-SD.jpg 294w\" sizes=\"(max-width: 208px) 100vw, 208px\" \/>\t\t\t\t\t\t\t\t\t\t\t\t\t\t\t<\/div>\n\t\t\t\t<\/div>\n\t\t\t\t<div class=\"elementor-element elementor-element-1076a17 elementor-widget__width-initial elementor-widget elementor-widget-heading\" data-id=\"1076a17\" data-element_type=\"widget\" data-e-type=\"widget\" data-widget_type=\"heading.default\">\n\t\t\t\t<div class=\"elementor-widget-container\">\n\t\t\t\t\t<h3 class=\"elementor-heading-title elementor-size-default\">Brochure French version<\/h3>\t\t\t\t<\/div>\n\t\t\t\t<\/div>\n\t\t\t\t<div class=\"elementor-element elementor-element-f83d8b8 elementor-align-justify elementor-widget__width-inherit elementor-widget elementor-widget-button\" data-id=\"f83d8b8\" data-element_type=\"widget\" data-e-type=\"widget\" data-widget_type=\"button.default\">\n\t\t\t\t<div class=\"elementor-widget-container\">\n\t\t\t\t\t\t\t\t\t<div class=\"elementor-button-wrapper\">\n\t\t\t\t\t<a class=\"elementor-button elementor-button-link elementor-size-sm\" href=\"https:\/\/energie.retrocrea.fr\/wp-content\/uploads\/2023\/05\/Plaquette-Energie-FR-2023-V4-SD.pdf\" target=\"_blank\">\n\t\t\t\t\t\t<span class=\"elementor-button-content-wrapper\">\n\t\t\t\t\t\t<span class=\"elementor-button-icon\">\n\t\t\t\t<i aria-hidden=\"true\" class=\"fas fa-chevron-right\"><\/i>\t\t\t<\/span>\n\t\t\t\t\t\t\t\t\t<span class=\"elementor-button-text\">Download<\/span>\n\t\t\t\t\t<\/span>\n\t\t\t\t\t<\/a>\n\t\t\t\t<\/div>\n\t\t\t\t\t\t\t\t<\/div>\n\t\t\t\t<\/div>\n\t\t\t\t\t<\/div>\n\t\t<\/div>\n\t\t\t\t\t<\/div>\n\t\t<\/section>\n\t\t\t\t\t<\/div>\n\t\t<\/div>\n\t\t\t\t\t<\/div>\n\t\t<\/section>\n\t\t\t\t<section class=\"elementor-section elementor-inner-section elementor-element elementor-element-72686b2 elementor-section-boxed elementor-section-height-default elementor-section-height-default\" data-id=\"72686b2\" data-element_type=\"section\" data-e-type=\"section\">\n\t\t\t\t\t\t<div class=\"elementor-container elementor-column-gap-default\">\n\t\t\t\t\t<div class=\"elementor-column elementor-col-100 elementor-inner-column elementor-element elementor-element-5833f4b\" data-id=\"5833f4b\" data-element_type=\"column\" data-e-type=\"column\" data-settings=\"{&quot;background_background&quot;:&quot;classic&quot;}\">\n\t\t\t<div class=\"elementor-widget-wrap elementor-element-populated\">\n\t\t\t\t\t\t<div class=\"elementor-element elementor-element-c15da32 elementor-widget elementor-widget-image\" data-id=\"c15da32\" data-element_type=\"widget\" data-e-type=\"widget\" data-widget_type=\"image.default\">\n\t\t\t\t<div class=\"elementor-widget-container\">\n\t\t\t\t\t\t\t\t\t\t\t\t\t\t\t<img decoding=\"async\" width=\"208\" height=\"300\" src=\"https:\/\/energie.retrocrea.fr\/wp-content\/uploads\/2023\/02\/Plaquette-Energie-EN-2022-V3_PDG-SD-208x300.jpg\" class=\"attachment-medium size-medium wp-image-952\" alt=\"\" srcset=\"https:\/\/energie.retrocrea.fr\/wp-content\/uploads\/2023\/02\/Plaquette-Energie-EN-2022-V3_PDG-SD-208x300.jpg 208w, https:\/\/energie.retrocrea.fr\/wp-content\/uploads\/2023\/02\/Plaquette-Energie-EN-2022-V3_PDG-SD-8x12.jpg 8w, https:\/\/energie.retrocrea.fr\/wp-content\/uploads\/2023\/02\/Plaquette-Energie-EN-2022-V3_PDG-SD.jpg 294w\" sizes=\"(max-width: 208px) 100vw, 208px\" \/>\t\t\t\t\t\t\t\t\t\t\t\t\t\t\t<\/div>\n\t\t\t\t<\/div>\n\t\t\t\t<div class=\"elementor-element elementor-element-09fe236 elementor-widget__width-initial elementor-widget elementor-widget-heading\" data-id=\"09fe236\" data-element_type=\"widget\" data-e-type=\"widget\" data-widget_type=\"heading.default\">\n\t\t\t\t<div class=\"elementor-widget-container\">\n\t\t\t\t\t<h3 class=\"elementor-heading-title elementor-size-default\">Brochure English version<\/h3>\t\t\t\t<\/div>\n\t\t\t\t<\/div>\n\t\t\t\t<div class=\"elementor-element elementor-element-e0bde7e elementor-align-justify elementor-widget__width-inherit elementor-widget elementor-widget-button\" data-id=\"e0bde7e\" data-element_type=\"widget\" data-e-type=\"widget\" data-widget_type=\"button.default\">\n\t\t\t\t<div class=\"elementor-widget-container\">\n\t\t\t\t\t\t\t\t\t<div class=\"elementor-button-wrapper\">\n\t\t\t\t\t<a class=\"elementor-button elementor-button-link elementor-size-sm\" href=\"https:\/\/energie.retrocrea.fr\/wp-content\/uploads\/2023\/05\/Plaquette-Energie-EN-2023-V4-SD.pdf\" target=\"_blank\">\n\t\t\t\t\t\t<span class=\"elementor-button-content-wrapper\">\n\t\t\t\t\t\t<span class=\"elementor-button-icon\">\n\t\t\t\t<i aria-hidden=\"true\" class=\"fas fa-chevron-right\"><\/i>\t\t\t<\/span>\n\t\t\t\t\t\t\t\t\t<span class=\"elementor-button-text\">Download<\/span>\n\t\t\t\t\t<\/span>\n\t\t\t\t\t<\/a>\n\t\t\t\t<\/div>\n\t\t\t\t\t\t\t\t<\/div>\n\t\t\t\t<\/div>\n\t\t\t\t\t<\/div>\n\t\t<\/div>\n\t\t\t\t\t<\/div>\n\t\t<\/section>\n\t\t\t\t<\/div>","protected":false},"excerpt":{"rendered":"<p>T\u00e9l\u00e9chargement Plaquette commerciale Version Fran\u00e7aise T\u00e9l\u00e9chargement Plaquette commerciale Version Anglaise T\u00e9l\u00e9chargement<\/p>","protected":false},"author":1,"featured_media":0,"parent":0,"menu_order":0,"comment_status":"closed","ping_status":"closed","template":"","meta":{"_kad_post_transparent":"","_kad_post_title":"hide","_kad_post_layout":"fullwidth","_kad_post_sidebar_id":"","_kad_post_content_style":"unboxed","_kad_post_vertical_padding":"hide","_kad_post_feature":"hide","_kad_post_feature_position":"","_kad_post_header":false,"_kad_post_footer":false,"footnotes":""},"class_list":["post-851","page","type-page","status-publish","hentry"],"aioseo_notices":[],"_links":{"self":[{"href":"https:\/\/energie.retrocrea.fr\/en\/wp-json\/wp\/v2\/pages\/851","targetHints":{"allow":["GET"]}}],"collection":[{"href":"https:\/\/energie.retrocrea.fr\/en\/wp-json\/wp\/v2\/pages"}],"about":[{"href":"https:\/\/energie.retrocrea.fr\/en\/wp-json\/wp\/v2\/types\/page"}],"author":[{"embeddable":true,"href":"https:\/\/energie.retrocrea.fr\/en\/wp-json\/wp\/v2\/users\/1"}],"replies":[{"embeddable":true,"href":"https:\/\/energie.retrocrea.fr\/en\/wp-json\/wp\/v2\/comments?post=851"}],"version-history":[{"count":34,"href":"https:\/\/energie.retrocrea.fr\/en\/wp-json\/wp\/v2\/pages\/851\/revisions"}],"predecessor-version":[{"id":989,"href":"https:\/\/energie.retrocrea.fr\/en\/wp-json\/wp\/v2\/pages\/851\/revisions\/989"}],"wp:attachment":[{"href":"https:\/\/energie.retrocrea.fr\/en\/wp-json\/wp\/v2\/media?parent=851"}],"curies":[{"name":"wp","href":"https:\/\/api.w.org\/{rel}","templated":true}]}}